{"id":23645,"date":"2026-03-13T10:59:17","date_gmt":"2026-03-13T09:59:17","guid":{"rendered":"https:\/\/www.igorcarlfaberge.com\/faberge\/faberge-egg\/"},"modified":"2026-03-13T10:59:19","modified_gmt":"2026-03-13T09:59:19","slug":"faberge-egg","status":"publish","type":"page","link":"https:\/\/www.igorcarlfaberge.com\/en\/faberge\/faberge-egg\/","title":{"rendered":"Faberg\u00e9 Egg"},"content":{"rendered":"<p>[et_pb_section fb_built=&#8221;1&#8243; _builder_version=&#8221;4.0.3&#8243; custom_margin=&#8221;0px||||false|false&#8221; custom_padding=&#8221;0px||||false|false&#8221;][et_pb_row _builder_version=&#8221;3.29.1&#8243;][et_pb_column type=&#8221;4_4&#8243; _builder_version=&#8221;3.29.1&#8243;][et_pb_text _builder_version=&#8221;3.29.3&#8243;]<\/p>\n<span><span><a href=\"https:\/\/www.igorcarlfaberge.com\/en\/home\/\">Accueil<\/a><\/span><\/span>\n<h1><strong>First Faberg\u00e9 Egg<\/strong><\/h1>\n<p>[\/et_pb_text][\/et_pb_column][\/et_pb_row][et_pb_row column_structure=&#8221;1_3,2_3&#8243; custom_padding_last_edited=&#8221;on|phone&#8221; _builder_version=&#8221;4.0.3&#8243; custom_margin=&#8221;0px||||false|false&#8221; custom_margin_tablet=&#8221;&#8221; custom_margin_phone=&#8221;&#8221; custom_margin_last_edited=&#8221;on|phone&#8221; custom_padding=&#8221;0px||||false|false&#8221; custom_padding_tablet=&#8221;&#8221; custom_padding_phone=&#8221;&#8221;][et_pb_column type=&#8221;1_3&#8243; _builder_version=&#8221;3.25&#8243; custom_padding=&#8221;|||&#8221; custom_padding__hover=&#8221;|||&#8221;][et_pb_text _builder_version=&#8221;4.0.3&#8243; custom_margin=&#8221;100px||||false|false&#8221; custom_margin_tablet=&#8221;0px||||false|false&#8221; custom_margin_phone=&#8221;0px||||false|false&#8221; custom_margin_last_edited=&#8221;on|phone&#8221;]<\/p>\n<p><b style=\"font-size: 16px; color: #212121; font-family: Nunito, Helvetica, Arial, Lucida, sans-serif;\"><strong>Hen<\/strong> Egg<\/b><span style=\"font-size: 16px; color: #212121; font-family: Nunito, Helvetica, Arial, Lucida, sans-serif; font-weight: 500;\">, the first Faberg\u00e9 Imperial egg (1885).<\/span><\/p>\n<p>Opaque white enamel shell, gold interior containing a gold hen with ruby eyes.<\/p>\n<p>A gift from Emperor Alexander III to his wife Maria Feodorovna.<\/p>\n<p>The Hen Egg is part of the collection of the Link of Times Foundation, Faberg\u00e9 Museum in St. Petersburg. <br \/> <a href=\"https:\/\/fabergemuseum.ru\/\" target=\"_blank\" rel=\"noopener noreferrer\">https:\/\/fabergemuseum.ru\/<\/a><\/p>\n<p>[\/et_pb_text][\/et_pb_column][et_pb_column type=&#8221;2_3&#8243; _builder_version=&#8221;3.25&#8243; custom_padding=&#8221;|||&#8221; custom_padding__hover=&#8221;|||&#8221;][et_pb_image src=&#8221;https:\/\/www.igorcarlfaberge.com\/wp-content\/uploads\/2019\/10\/oeuf.jpg&#8221; align=&#8221;center&#8221; module_class=&#8221;image-oeuf-grande&#8221; _builder_version=&#8221;4.0.4&#8243; hover_enabled=&#8221;0&#8243; custom_css_main_element_last_edited=&#8221;on|phone&#8221;][\/et_pb_image][\/et_pb_column][\/et_pb_row][\/et_pb_section]<\/p>\n","protected":false},"excerpt":{"rendered":"<p><span><span><a href=\"https:\/\/www.igorcarlfaberge.com\/en\/home\/\">Accueil<\/a><\/span><\/span> First Faberg\u00e9 EggHen Egg, the first Faberg\u00e9 Imperial egg (1885). Opaque white enamel shell, gold interior containing a gold hen with ruby eyes. A gift from Emperor Alexander III to his wife Maria Feodorovna. The Hen Egg is part of the collection of the Link of Times Foundation, Faberg\u00e9 Museum in St. Petersburg. https:\/\/fabergemuseum.ru\/<\/p>\n","protected":false},"author":4,"featured_media":0,"parent":23515,"menu_order":0,"comment_status":"closed","ping_status":"closed","template":"","meta":{"_et_pb_use_builder":"on","_et_pb_old_content":"","_et_gb_content_width":"","footnotes":""},"dipi_cpt_category":[],"class_list":["post-23645","page","type-page","status-publish","hentry"],"yoast_head":"<!-- This site is optimized with the Yoast SEO plugin v27.2 - https:\/\/yoast.com\/product\/yoast-seo-wordpress\/ -->\n<title>Faberg\u00e9 Egg - Igor Carl Faberg\u00e9<\/title>\n<meta name=\"robots\" content=\"index, follow, max-snippet:-1, max-image-preview:large, max-video-preview:-1\" \/>\n<link rel=\"canonical\" href=\"https:\/\/www.igorcarlfaberge.com\/faberge\/oeuf-de-faberge\/\" \/>\n<meta property=\"og:locale\" content=\"en_US\" \/>\n<meta property=\"og:type\" content=\"article\" \/>\n<meta property=\"og:title\" content=\"Faberg\u00e9 Egg - Igor Carl Faberg\u00e9\" \/>\n<meta property=\"og:description\" content=\"First Faberg\u00e9 EggHen Egg, the first Faberg\u00e9 Imperial egg (1885). Opaque white enamel shell, gold interior containing a gold hen with ruby eyes. A gift from Emperor Alexander III to his wife Maria Feodorovna. The Hen Egg is part of the collection of the Link of Times Foundation, Faberg\u00e9 Museum in St. Petersburg. https:\/\/fabergemuseum.ru\/\" \/>\n<meta property=\"og:url\" content=\"https:\/\/www.igorcarlfaberge.com\/faberge\/oeuf-de-faberge\/\" \/>\n<meta property=\"og:site_name\" content=\"Igor Carl Faberg\u00e9\" \/>\n<meta property=\"article:modified_time\" content=\"2026-03-13T09:59:19+00:00\" \/>\n<meta name=\"twitter:card\" content=\"summary_large_image\" \/>\n<meta name=\"twitter:label1\" content=\"Est. reading time\" \/>\n\t<meta name=\"twitter:data1\" content=\"1 minute\" \/>\n<script type=\"application\/ld+json\" class=\"yoast-schema-graph\">{\"@context\":\"https:\/\/schema.org\",\"@graph\":[{\"@type\":\"WebPage\",\"@id\":\"https:\/\/www.igorcarlfaberge.com\/faberge\/oeuf-de-faberge\/\",\"url\":\"https:\/\/www.igorcarlfaberge.com\/faberge\/oeuf-de-faberge\/\",\"name\":\"Faberg\u00e9 Egg - Igor Carl Faberg\u00e9\",\"isPartOf\":{\"@id\":\"https:\/\/www.igorcarlfaberge.com\/#website\"},\"datePublished\":\"2026-03-13T09:59:17+00:00\",\"dateModified\":\"2026-03-13T09:59:19+00:00\",\"breadcrumb\":{\"@id\":\"https:\/\/www.igorcarlfaberge.com\/faberge\/oeuf-de-faberge\/#breadcrumb\"},\"inLanguage\":\"en-US\",\"potentialAction\":[{\"@type\":\"ReadAction\",\"target\":[\"https:\/\/www.igorcarlfaberge.com\/faberge\/oeuf-de-faberge\/\"]}]},{\"@type\":\"BreadcrumbList\",\"@id\":\"https:\/\/www.igorcarlfaberge.com\/faberge\/oeuf-de-faberge\/#breadcrumb\",\"itemListElement\":[{\"@type\":\"ListItem\",\"position\":1,\"name\":\"Accueil\",\"item\":\"https:\/\/www.igorcarlfaberge.com\/en\/home\/\"},{\"@type\":\"ListItem\",\"position\":2,\"name\":\"Faberg\u00e9\",\"item\":\"https:\/\/www.igorcarlfaberge.com\/faberge\/\"},{\"@type\":\"ListItem\",\"position\":3,\"name\":\"Faberg\u00e9 Egg\"}]},{\"@type\":\"WebSite\",\"@id\":\"https:\/\/www.igorcarlfaberge.com\/#website\",\"url\":\"https:\/\/www.igorcarlfaberge.com\/\",\"name\":\"Igor Carl Faberg\u00e9\",\"description\":\"Fondation Igor Carl Faberg\u00e9\",\"potentialAction\":[{\"@type\":\"SearchAction\",\"target\":{\"@type\":\"EntryPoint\",\"urlTemplate\":\"https:\/\/www.igorcarlfaberge.com\/?s={search_term_string}\"},\"query-input\":{\"@type\":\"PropertyValueSpecification\",\"valueRequired\":true,\"valueName\":\"search_term_string\"}}],\"inLanguage\":\"en-US\"}]}<\/script>\n<!-- \/ Yoast SEO plugin. -->","yoast_head_json":{"title":"Faberg\u00e9 Egg - Igor Carl Faberg\u00e9","robots":{"index":"index","follow":"follow","max-snippet":"max-snippet:-1","max-image-preview":"max-image-preview:large","max-video-preview":"max-video-preview:-1"},"canonical":"https:\/\/www.igorcarlfaberge.com\/faberge\/oeuf-de-faberge\/","og_locale":"en_US","og_type":"article","og_title":"Faberg\u00e9 Egg - Igor Carl Faberg\u00e9","og_description":"First Faberg\u00e9 EggHen Egg, the first Faberg\u00e9 Imperial egg (1885). Opaque white enamel shell, gold interior containing a gold hen with ruby eyes. A gift from Emperor Alexander III to his wife Maria Feodorovna. The Hen Egg is part of the collection of the Link of Times Foundation, Faberg\u00e9 Museum in St. Petersburg. https:\/\/fabergemuseum.ru\/","og_url":"https:\/\/www.igorcarlfaberge.com\/faberge\/oeuf-de-faberge\/","og_site_name":"Igor Carl Faberg\u00e9","article_modified_time":"2026-03-13T09:59:19+00:00","twitter_card":"summary_large_image","twitter_misc":{"Est. reading time":"1 minute"},"schema":{"@context":"https:\/\/schema.org","@graph":[{"@type":"WebPage","@id":"https:\/\/www.igorcarlfaberge.com\/faberge\/oeuf-de-faberge\/","url":"https:\/\/www.igorcarlfaberge.com\/faberge\/oeuf-de-faberge\/","name":"Faberg\u00e9 Egg - Igor Carl Faberg\u00e9","isPartOf":{"@id":"https:\/\/www.igorcarlfaberge.com\/#website"},"datePublished":"2026-03-13T09:59:17+00:00","dateModified":"2026-03-13T09:59:19+00:00","breadcrumb":{"@id":"https:\/\/www.igorcarlfaberge.com\/faberge\/oeuf-de-faberge\/#breadcrumb"},"inLanguage":"en-US","potentialAction":[{"@type":"ReadAction","target":["https:\/\/www.igorcarlfaberge.com\/faberge\/oeuf-de-faberge\/"]}]},{"@type":"BreadcrumbList","@id":"https:\/\/www.igorcarlfaberge.com\/faberge\/oeuf-de-faberge\/#breadcrumb","itemListElement":[{"@type":"ListItem","position":1,"name":"Accueil","item":"https:\/\/www.igorcarlfaberge.com\/en\/home\/"},{"@type":"ListItem","position":2,"name":"Faberg\u00e9","item":"https:\/\/www.igorcarlfaberge.com\/faberge\/"},{"@type":"ListItem","position":3,"name":"Faberg\u00e9 Egg"}]},{"@type":"WebSite","@id":"https:\/\/www.igorcarlfaberge.com\/#website","url":"https:\/\/www.igorcarlfaberge.com\/","name":"Igor Carl Faberg\u00e9","description":"Fondation Igor Carl Faberg\u00e9","potentialAction":[{"@type":"SearchAction","target":{"@type":"EntryPoint","urlTemplate":"https:\/\/www.igorcarlfaberge.com\/?s={search_term_string}"},"query-input":{"@type":"PropertyValueSpecification","valueRequired":true,"valueName":"search_term_string"}}],"inLanguage":"en-US"}]}},"_links":{"self":[{"href":"https:\/\/www.igorcarlfaberge.com\/en\/wp-json\/wp\/v2\/pages\/23645","targetHints":{"allow":["GET"]}}],"collection":[{"href":"https:\/\/www.igorcarlfaberge.com\/en\/wp-json\/wp\/v2\/pages"}],"about":[{"href":"https:\/\/www.igorcarlfaberge.com\/en\/wp-json\/wp\/v2\/types\/page"}],"author":[{"embeddable":true,"href":"https:\/\/www.igorcarlfaberge.com\/en\/wp-json\/wp\/v2\/users\/4"}],"replies":[{"embeddable":true,"href":"https:\/\/www.igorcarlfaberge.com\/en\/wp-json\/wp\/v2\/comments?post=23645"}],"version-history":[{"count":1,"href":"https:\/\/www.igorcarlfaberge.com\/en\/wp-json\/wp\/v2\/pages\/23645\/revisions"}],"predecessor-version":[{"id":23648,"href":"https:\/\/www.igorcarlfaberge.com\/en\/wp-json\/wp\/v2\/pages\/23645\/revisions\/23648"}],"up":[{"embeddable":true,"href":"https:\/\/www.igorcarlfaberge.com\/en\/wp-json\/wp\/v2\/pages\/23515"}],"wp:attachment":[{"href":"https:\/\/www.igorcarlfaberge.com\/en\/wp-json\/wp\/v2\/media?parent=23645"}],"wp:term":[{"taxonomy":"dipi_cpt_category","embeddable":true,"href":"https:\/\/www.igorcarlfaberge.com\/en\/wp-json\/wp\/v2\/dipi_cpt_category?post=23645"}],"curies":[{"name":"wp","href":"https:\/\/api.w.org\/{rel}","templated":true}]}}