{"id":23506,"date":"2026-03-13T10:57:29","date_gmt":"2026-03-13T09:57:29","guid":{"rendered":"https:\/\/www.igorcarlfaberge.com\/home\/"},"modified":"2026-03-13T10:57:33","modified_gmt":"2026-03-13T09:57:33","slug":"home","status":"publish","type":"page","link":"https:\/\/www.igorcarlfaberge.com\/en\/","title":{"rendered":"Home"},"content":{"rendered":"<p>[et_pb_section fb_built=&#8221;1&#8243; fullwidth=&#8221;on&#8221; module_class=&#8221;custom-home-section&#8221; _builder_version=&#8221;4.19.5&#8243; custom_margin=&#8221;-328px||||false|false&#8221; custom_padding=&#8221;0px||||false|false&#8221; bottom_divider_style=&#8221;curve&#8221; bottom_divider_color=&#8221;#ffffff&#8221; bottom_divider_height=&#8221;82px&#8221; hover_enabled=&#8221;0&#8243; global_colors_info=&#8221;{}&#8221; sticky_enabled=&#8221;0&#8243; custom_margin_last_edited=&#8221;on|phone&#8221; custom_margin_phone=&#8221;0px||||false|false&#8221; custom_margin_tablet=&#8221;150px||||false|false&#8221;][et_pb_fullwidth_code disabled_on=&#8221;off|off|off&#8221; admin_label=&#8221;Code en pleine largeur&#8221; _builder_version=&#8221;4.19.5&#8243; hover_enabled=&#8221;0&#8243; global_colors_info=&#8221;{}&#8221; sticky_enabled=&#8221;0&#8243;]<!-- [et_pb_line_break_holder] -->[\/et_pb_fullwidth_code][\/et_pb_section][et_pb_section fb_built=&#8221;1&#8243; _builder_version=&#8221;4.16&#8243; global_colors_info=&#8221;{}&#8221;][et_pb_row _builder_version=&#8221;4.16&#8243; global_colors_info=&#8221;{}&#8221;][et_pb_column type=&#8221;4_4&#8243; _builder_version=&#8221;4.16&#8243; global_colors_info=&#8221;{}&#8221;][et_pb_text _builder_version=&#8221;4.16&#8243; global_colors_info=&#8221;{}&#8221;]<\/p>\n<h1 style=\"text-align: center;\">Igor Carl Faberg\u00e9 Foundation<\/h1>\n<p>Established by Carl Faberg\u00e9&#8217;s grandson, its purpose is to publicize and promote the work and personality of Carl Faberg\u00e9, jeweler to the imperial court in Saint Petersburg, and to gather all information related to his professional activities.<\/p>\n<p>[\/et_pb_text][\/et_pb_column][\/et_pb_row][\/et_pb_section][et_pb_section fb_built=&#8221;1&#8243; _builder_version=&#8221;4.16&#8243; custom_padding=&#8221;24px||24px||true|false&#8221; global_colors_info=&#8221;{}&#8221;][et_pb_row column_structure=&#8221;1_3,1_3,1_3&#8243; use_custom_gutter=&#8221;on&#8221; _builder_version=&#8221;4.16&#8243; width=&#8221;100%&#8221; custom_padding=&#8221;|0px||0px|false|false&#8221; global_colors_info=&#8221;{}&#8221;][et_pb_column type=&#8221;1_3&#8243; _builder_version=&#8221;4.16&#8243; custom_padding=&#8221;|||&#8221; global_colors_info=&#8221;{}&#8221; custom_padding__hover=&#8221;|||&#8221;][b3m_flip_card title=&#8221;MISSION&#8221; back_title=&#8221;MISSION&#8221; content_back_new=&#8221;Rassembler tout ce qui se rapporte \u00e0 ses activit\u00e9s professionnelles et offrir un service d&#8217;expertise impartial  &#8221; use_3d_boxed_mode=&#8221;on&#8221; flip_transition_option=&#8221;easeInOutCirc&#8221; content_max_width=&#8221;335px&#8221; _builder_version=&#8221;4.16&#8243; header_font=&#8221;||||||||&#8221; header_text_align=&#8221;right&#8221; header_font_size=&#8221;22px&#8221; body_font=&#8221;||||||||&#8221; body_text_align=&#8221;right&#8221; body_text_color=&#8221;rgba(0,0,0,0.5)&#8221; body_font_size=&#8221;16px&#8221; body_letter_spacing=&#8221;2px&#8221; body_line_height=&#8221;1.4em&#8221; back_header_font=&#8221;||||||||&#8221; back_header_text_align=&#8221;right&#8221; body_back_font=&#8221;|300|||||||&#8221; body_back_text_align=&#8221;right&#8221; body_back_text_color=&#8221;rgba(0,0,0,0.5)&#8221; body_back_line_height=&#8221;1.3em&#8221; primary_button_bg_color_gradient_direction=&#8221;90deg&#8221; primary_button_bg_color_gradient_start=&#8221;#e50085&#8243; primary_button_bg_color_gradient_end=&#8221;#c942ff&#8221; custom_padding=&#8221;10px||10px||false|false&#8221; link_option_url=&#8221;https:\/\/www.igorcarlfaberge.com\/la-fondation\/mission\/&#8221; custom_css_b3m_front_container=&#8221;border-top: solid 20px #A01101;&#8221; custom_css_b3m_back_container=&#8221;border-top: solid 20px #A01101;&#8221; box_shadow_style_front_box=&#8221;preset1&#8243; box_shadow_blur_front_box=&#8221;37px&#8221; box_shadow_color_front_box=&#8221;rgba(0,106,163,0.12)&#8221; box_shadow_style_back_box=&#8221;preset1&#8243; box_shadow_blur_back_box=&#8221;34px&#8221; box_shadow_color_back_box=&#8221;rgba(0,106,163,0.12)&#8221; border_color_all_front_box=&#8221;#E06D6D&#8221; border_width_top_front_box=&#8221;20px&#8221; border_color_top_front_box=&#8221;#e06d6d&#8221; border_color_bottom_front_box=&#8221;rgba(0,106,163,0.2)&#8221; border_width_top_back_box=&#8221;20px&#8221; border_color_top_back_box=&#8221;#E06D6D&#8221; border_color_bottom_back_box=&#8221;#3d257c&#8221; global_colors_info=&#8221;{}&#8221;]<\/p>\n<p>To publicize and promote the work of Carl Faberg\u00e9<\/p>\n<p>[\/b3m_flip_card][b3m_flip_card title=&#8221;HISTORY&#8221; back_title=&#8221;HISTOIRE&#8221; content_back_new=&#8221;Le nom de Faberg\u00e9 est un exemple vivant de l\u2019incarnation d\u2019un id\u00e9al d\u2019honneur et de travail.&#8221; use_3d_boxed_mode=&#8221;on&#8221; flip_transition_option=&#8221;easeInOutCirc&#8221; content_max_width=&#8221;335px&#8221; _builder_version=&#8221;4.16&#8243; header_font=&#8221;||||||||&#8221; header_text_align=&#8221;right&#8221; header_font_size=&#8221;22px&#8221; body_font=&#8221;||||||||&#8221; body_text_align=&#8221;right&#8221; body_text_color=&#8221;rgba(0,0,0,0.5)&#8221; body_font_size=&#8221;16px&#8221; body_letter_spacing=&#8221;2px&#8221; body_line_height=&#8221;1.4em&#8221; back_header_font=&#8221;||||||||&#8221; back_header_text_align=&#8221;right&#8221; body_back_font=&#8221;|300|||||||&#8221; body_back_text_align=&#8221;right&#8221; body_back_text_color=&#8221;rgba(0,0,0,0.5)&#8221; body_back_line_height=&#8221;1.3em&#8221; primary_button_bg_color_gradient_direction=&#8221;90deg&#8221; primary_button_bg_color_gradient_start=&#8221;#e50085&#8243; primary_button_bg_color_gradient_end=&#8221;#c942ff&#8221; custom_padding=&#8221;10px||10px||false|false&#8221; link_option_url=&#8221;https:\/\/www.igorcarlfaberge.com\/faberge\/histoire\/&#8221; custom_css_b3m_front_container=&#8221;border-top: solid 20px #e06d6d;&#8221; custom_css_b3m_back_container=&#8221;border-top: solid 20px #e06d6d;&#8221; box_shadow_style_front_box=&#8221;preset1&#8243; box_shadow_blur_front_box=&#8221;37px&#8221; box_shadow_color_front_box=&#8221;rgba(0,106,163,0.12)&#8221; box_shadow_style_back_box=&#8221;preset1&#8243; box_shadow_blur_back_box=&#8221;34px&#8221; box_shadow_color_back_box=&#8221;rgba(0,106,163,0.12)&#8221; border_color_all_front_box=&#8221;#E06D6D&#8221; border_width_top_front_box=&#8221;20px&#8221; border_color_top_front_box=&#8221;#e06d6d&#8221; border_color_bottom_front_box=&#8221;rgba(0,106,163,0.2)&#8221; border_width_top_back_box=&#8221;20px&#8221; border_color_top_back_box=&#8221;#E06D6D&#8221; border_color_bottom_back_box=&#8221;#3d257c&#8221; global_colors_info=&#8221;{}&#8221;]<\/p>\n<p>Learn more about the House of Faberg\u00e9, founded in 1842 in Saint Petersburg<\/p>\n<p>[\/b3m_flip_card][b3m_flip_card title=&#8221;BOOKS&#8221; back_title=&#8221;LIVRES&#8221; content_back_new=&#8221;Ce manuel est un chef-d\u2019\u0153uvre. C\u2019est \u201cLE\u201d livre de r\u00e9f\u00e9rence sur l\u2019histoire fascinante de la Maison Faberg\u00e9.&#8221; use_3d_boxed_mode=&#8221;on&#8221; flip_transition_option=&#8221;easeInOutCirc&#8221; content_max_width=&#8221;335px&#8221; _builder_version=&#8221;4.16&#8243; header_font=&#8221;||||||||&#8221; header_text_align=&#8221;right&#8221; header_font_size=&#8221;22px&#8221; body_font=&#8221;||||||||&#8221; body_text_align=&#8221;right&#8221; body_text_color=&#8221;rgba(0,0,0,0.5)&#8221; body_font_size=&#8221;16px&#8221; body_letter_spacing=&#8221;2px&#8221; body_line_height=&#8221;1.4em&#8221; back_header_font=&#8221;||||||||&#8221; back_header_text_align=&#8221;right&#8221; body_back_font=&#8221;|300|||||||&#8221; body_back_text_align=&#8221;right&#8221; body_back_text_color=&#8221;rgba(0,0,0,0.5)&#8221; body_back_line_height=&#8221;1.3em&#8221; primary_button_bg_color_gradient_direction=&#8221;90deg&#8221; primary_button_bg_color_gradient_start=&#8221;#e50085&#8243; primary_button_bg_color_gradient_end=&#8221;#c942ff&#8221; custom_padding=&#8221;10px||10px||false|false&#8221; link_option_url=&#8221;https:\/\/www.igorcarlfaberge.com\/lire\/livres-faberge\/&#8221; custom_css_b3m_front_container=&#8221;border-top: solid 20px #f4dc6e;&#8221; custom_css_b3m_back_container=&#8221;border-top: solid 20px #f4dc6e;&#8221; box_shadow_style_front_box=&#8221;preset1&#8243; box_shadow_blur_front_box=&#8221;37px&#8221; box_shadow_color_front_box=&#8221;rgba(0,106,163,0.12)&#8221; box_shadow_style_back_box=&#8221;preset1&#8243; box_shadow_blur_back_box=&#8221;34px&#8221; box_shadow_color_back_box=&#8221;rgba(0,106,163,0.12)&#8221; border_width_top_front_box=&#8221;6px&#8221; border_color_top_front_box=&#8221;#f4dc6e&#8221; border_width_top_back_box=&#8221;20px&#8221; border_color_top_back_box=&#8221;#f4dc6e&#8221; global_colors_info=&#8221;{}&#8221;]<\/p>\n<p>Faberg\u00e9, A Comprehensive Reference Book<\/p>\n<p>[\/b3m_flip_card][\/et_pb_column][et_pb_column type=&#8221;1_3&#8243; _builder_version=&#8221;4.16&#8243; custom_padding=&#8221;|||&#8221; global_colors_info=&#8221;{}&#8221; custom_padding__hover=&#8221;|||&#8221;][et_pb_image src=&#8221;https:\/\/www.igorcarlfaberge.com\/wp-content\/uploads\/2019\/09\/aigle-home.jpg&#8221; align=&#8221;center&#8221; align_tablet=&#8221;center&#8221; align_phone=&#8221;&#8221; align_last_edited=&#8221;on|desktop&#8221; _builder_version=&#8221;4.16&#8243; global_colors_info=&#8221;{}&#8221;][\/et_pb_image][\/et_pb_column][et_pb_column type=&#8221;1_3&#8243; _builder_version=&#8221;4.16&#8243; custom_padding=&#8221;|||&#8221; global_colors_info=&#8221;{}&#8221; custom_padding__hover=&#8221;|||&#8221;][b3m_flip_card title=&#8221;FABERG\u00c9&#8221; back_title=&#8221;FABERG\u00c9&#8221; content_back_new=&#8221;Tout le monde conna\u00eet aujourd\u2019hui Faberg\u00e9. Personne n\u2019est insensible au caract\u00e8re magique de son \u0153uvre, et en particulier des \u0153ufs imp\u00e9riaux.  &#8221; use_3d_boxed_mode=&#8221;on&#8221; flip_transition_option=&#8221;easeInOutCirc&#8221; content_max_width=&#8221;335px&#8221; _builder_version=&#8221;4.16&#8243; header_font=&#8221;||||||||&#8221; header_text_align=&#8221;left&#8221; header_font_size=&#8221;22px&#8221; body_font=&#8221;||||||||&#8221; body_text_align=&#8221;left&#8221; body_text_color=&#8221;rgba(0,0,0,0.5)&#8221; body_font_size=&#8221;16px&#8221; body_letter_spacing=&#8221;2px&#8221; body_line_height=&#8221;1.4em&#8221; back_header_font=&#8221;||||||||&#8221; back_header_text_align=&#8221;left&#8221; body_back_font=&#8221;|300|||||||&#8221; body_back_text_align=&#8221;left&#8221; body_back_text_color=&#8221;rgba(0,0,0,0.5)&#8221; body_back_line_height=&#8221;1.3em&#8221; primary_button_bg_color_gradient_direction=&#8221;90deg&#8221; primary_button_bg_color_gradient_start=&#8221;#e50085&#8243; primary_button_bg_color_gradient_end=&#8221;#c942ff&#8221; custom_padding=&#8221;10px||20px||false|false&#8221; link_option_url=&#8221;https:\/\/www.igorcarlfaberge.com\/faberge\/&#8221; custom_css_b3m_front_container=&#8221;border-top: solid 20px #e06d6d;&#8221; custom_css_b3m_back_container=&#8221;border-top: solid 20px #e06d6d;&#8221; box_shadow_style_front_box=&#8221;preset1&#8243; box_shadow_blur_front_box=&#8221;37px&#8221; box_shadow_color_front_box=&#8221;rgba(0,106,163,0.12)&#8221; box_shadow_style_back_box=&#8221;preset1&#8243; box_shadow_blur_back_box=&#8221;34px&#8221; box_shadow_color_back_box=&#8221;rgba(0,106,163,0.12)&#8221; border_color_all_front_box=&#8221;#E06D6D&#8221; border_width_top_front_box=&#8221;20px&#8221; border_color_top_front_box=&#8221;#e06d6d&#8221; border_color_bottom_front_box=&#8221;rgba(0,106,163,0.2)&#8221; border_width_top_back_box=&#8221;20px&#8221; border_color_top_back_box=&#8221;#E06D6D&#8221; border_color_bottom_back_box=&#8221;#3d257c&#8221; global_colors_info=&#8221;{}&#8221;]Faberg\u00e9, Jeweler to the Romanovs[\/b3m_flip_card][b3m_flip_card title=&#8221;EVENTS&#8221; back_title=&#8221;\u00c9V\u00c9NEMENTS&#8221; content_back_new=&#8221;Pr\u00e9lude \u00e0 une grande exposition Lecce- Gen\u00e8ve-Paris-St P\u00e9tersbourg  &#8221; use_3d_boxed_mode=&#8221;on&#8221; flip_transition_option=&#8221;easeInOutCirc&#8221; content_max_width=&#8221;335px&#8221; _builder_version=&#8221;4.16&#8243; header_font=&#8221;||||||||&#8221; header_text_align=&#8221;left&#8221; header_font_size=&#8221;22px&#8221; body_font=&#8221;||||||||&#8221; body_text_align=&#8221;left&#8221; body_text_color=&#8221;rgba(0,0,0,0.5)&#8221; body_font_size=&#8221;16px&#8221; body_letter_spacing=&#8221;2px&#8221; body_line_height=&#8221;1.4em&#8221; back_header_font=&#8221;||||||||&#8221; back_header_text_align=&#8221;left&#8221; body_back_font=&#8221;|300|||||||&#8221; body_back_text_align=&#8221;left&#8221; body_back_text_color=&#8221;rgba(0,0,0,0.5)&#8221; body_back_line_height=&#8221;1.3em&#8221; primary_button_bg_color_gradient_direction=&#8221;90deg&#8221; primary_button_bg_color_gradient_start=&#8221;#e50085&#8243; primary_button_bg_color_gradient_end=&#8221;#c942ff&#8221; custom_padding=&#8221;10px||10px||false|false&#8221; link_option_url=&#8221;https:\/\/www.igorcarlfaberge.com\/voir\/evenements\/&#8221; custom_css_b3m_front_container=&#8221;border-top: solid 20px #66cbd1;&#8221; custom_css_b3m_back_container=&#8221;border-top: solid 20px #66cbd1;&#8221; box_shadow_style_front_box=&#8221;preset1&#8243; box_shadow_blur_front_box=&#8221;37px&#8221; box_shadow_color_front_box=&#8221;rgba(0,106,163,0.12)&#8221; box_shadow_style_back_box=&#8221;preset1&#8243; box_shadow_blur_back_box=&#8221;34px&#8221; box_shadow_color_back_box=&#8221;rgba(0,106,163,0.12)&#8221; border_color_all_front_box=&#8221;#E06D6D&#8221; border_width_top_front_box=&#8221;20px&#8221; border_color_top_front_box=&#8221;#66CBD1&#8243; border_color_bottom_front_box=&#8221;rgba(0,106,163,0.2)&#8221; border_width_top_back_box=&#8221;20px&#8221; border_color_top_back_box=&#8221;#66CBD1&#8243; border_color_bottom_back_box=&#8221;#3d257c&#8221; global_colors_info=&#8221;{}&#8221;]<\/p>\n<p>Ballets Russes \/ November 03-30, 2019, Charles V Castle, Lecce, Italy<\/p>\n<p>[\/b3m_flip_card][b3m_flip_card title=&#8221;BLOG&#8221; back_title=&#8221;BLOG&#8221; content_back_new=&#8221;Faberg\u00e9 and others  <\/p>\n<p>&#8221; use_3d_boxed_mode=&#8221;on&#8221; flip_transition_option=&#8221;easeInOutCirc&#8221; content_max_width=&#8221;335px&#8221; _builder_version=&#8221;4.16&#8243; header_font=&#8221;||||||||&#8221; header_text_align=&#8221;left&#8221; header_font_size=&#8221;22px&#8221; body_font=&#8221;||||||||&#8221; body_text_align=&#8221;left&#8221; body_text_color=&#8221;rgba(0,0,0,0.5)&#8221; body_font_size=&#8221;16px&#8221; body_letter_spacing=&#8221;2px&#8221; body_line_height=&#8221;1.4em&#8221; back_header_font=&#8221;||||||||&#8221; back_header_text_align=&#8221;left&#8221; body_back_font=&#8221;|300|||||||&#8221; body_back_text_align=&#8221;left&#8221; body_back_text_color=&#8221;rgba(0,0,0,0.5)&#8221; body_back_line_height=&#8221;1.3em&#8221; primary_button_bg_color_gradient_direction=&#8221;90deg&#8221; primary_button_bg_color_gradient_start=&#8221;#e50085&#8243; primary_button_bg_color_gradient_end=&#8221;#c942ff&#8221; custom_padding=&#8221;10px||10px||false|false&#8221; link_option_url=&#8221;https:\/\/www.igorcarlfaberge.com\/lire\/blog\/&#8221; custom_css_b3m_front_container=&#8221;border-top: solid 20px #c474ed;&#8221; custom_css_b3m_back_container=&#8221;border-top: solid 20px #c474ed;&#8221; box_shadow_style_front_box=&#8221;preset1&#8243; box_shadow_blur_front_box=&#8221;37px&#8221; box_shadow_color_front_box=&#8221;rgba(0,106,163,0.12)&#8221; box_shadow_style_back_box=&#8221;preset1&#8243; box_shadow_blur_back_box=&#8221;34px&#8221; box_shadow_color_back_box=&#8221;rgba(0,106,163,0.12)&#8221; border_color_all_front_box=&#8221;#E06D6D&#8221; border_width_top_front_box=&#8221;20px&#8221; border_color_top_front_box=&#8221;#C474ED&#8221; border_color_bottom_front_box=&#8221;rgba(0,106,163,0.2)&#8221; border_width_top_back_box=&#8221;20px&#8221; border_color_top_back_box=&#8221;#C474ED&#8221; border_color_bottom_back_box=&#8221;#3d257c&#8221; global_colors_info=&#8221;{}&#8221;]<\/p>\n<p>Faberg\u00e9 and associates. Discover the latest news. <\/p>\n<p>[\/b3m_flip_card][\/et_pb_column][\/et_pb_row][\/et_pb_section]<\/p>\n","protected":false},"excerpt":{"rendered":"<p>Igor Carl Faberg\u00e9 Foundation Established by Carl Faberg\u00e9&#8217;s grandson, its purpose is to publicize and promote the work and personality of Carl Faberg\u00e9, jeweler to the imperial court in Saint Petersburg, and to gather all information related to his professional activities.<div class=\"et_pb_module b3m_flip_card b3m_flip_card_0\">\n\t\t\t\t\n\t\t\t\t\n\t\t\t\t\n\t\t\t\t\n\t\t\t\t\n\t\t\t\t\n\t\t\t\t<div class=\"et_pb_module_inner\">\n\t\t\t\t\t<div class=\"b3m_flip_blurb_inner  et_pb_module b3m_flipcard_3d b3m_flipcard_2d_animation_cardflip direction_rtl et_pb_blurb b3m_hover\">\n\t\t\t\t<div class=\"b3m_flip_blurb_flipper  b3m_flipcard_3d_1  \" style=\"transition: all  0.3s linear 0s\">\n\t\t\t\t\t<div class='b3m_flipcard_3d_2' >\n\t\t\t\t\t\n\t\t\t\t\t<div class=\"et_pb_blurb_content et_pb_blurb_content_front front_background_color  et_pb_blurb_position_top \" style=\"background-image: url(); background-repeat: no-repeat; background-position: center center; background-size: cover; background-blend-mode: normal; background-color: !important;\">\t\t\t\t\t\n\t\t\t\t\t\n\t\t\t\t\t\n\t\t\t\t\t\t<div class=\"et_pb_blurb_inner_content\">\n\t\t\t\t\t\t\t\n\t\t\t\t\t\t\t<div class=\"et_pb_blurb_container\">\n\t\t\t\t\t\t\t\t<h4 class=\"et_pb_module_header front_title\">&#8221;MISSION&#8221;<\/h4>\n\t\t\t\t\t\t\t\t<div class=\"et_pb_blurb_description front_description blub-content-display\" >\n\t\t\t\t\t\t\t\t \n\t\t\t\t\t\t\t\t<\/div><!-- .et_pb_blurb_description -->\n\t\t\t\t\t\t\t\t\n\t\t\t\t\t\t\t<\/div>\n\t\t\t\t\t\t<\/div>\t\t\t\t\t\n\t\t\t\t\t<\/div> <!-- .et_pb_blurb_content -->\n\t\t\t\t\t<div class=\"  et_pb_blurb_content_back et_pb_blurb_content_back_side et_pb_blurb et_pb_blurb_position_ \" style=\"background-color: !important; background-image: none;\" >\t\t\t\t\t\n\t\t\t\t\t\t<div class=\"et_pb_blurb_inner_content\">\n\t\t\t\t\t\t\t\n\t\t\t\t\t\t\t<div class=\"et_pb_blurb_container\" >\n\t\t\t\t\t\t\t\t <h4 class=\"et_pb_module_header back_side_title\">&#8221;MISSION&#8221;<\/h4>\n\t\t\t\t\t\t\t\t<div class=\"et_pb_blurb_description back_description blub-content-display\">\n\t\t\t\t\t\t\t\t\t<p>\u201dRassembler<\/p>\n\t\t\t\t\t\t\t\t<\/div><!-- .et_pb_blurb_description -->\n\t\t\t\t\t\t\t\t\n\t\t\t\t\t\t\t<\/div>\n\t\t\t\t\t    <\/div>\t\t\t\t\t\n\t\t\t\t\t<\/div><!-- et_pb_blurb_content_back -->\t\n\t\t\t\t\t\n\t\t\t\t\t\n\t\t\t\t\t\n\t\t\t\t\t<\/div>\n\t\t\t\t<\/div> <!-- Filpper -->\t\t\t\t\n\t\t\t<\/div> <!-- .et_pb_blurb -->\n\t\t\t<script>(function(){var waitForJQuery = setInterval(function () {if (typeof jQuery != \"undefined\") {clearInterval(waitForJQuery);jQuery(function($){ \n\t\t\t\tjQuery( \".b3m_flip_card_0 .b3m_flipcard_3d\" )\n\t\t\t\t.on( \"mouseenter\", function() {\n\t\t\t\t\tjQuery(\".b3m_flip_card_0 .b3m_flipcard_3d .b3m_flip_blurb_flipper .et_pb_blurb_content_front\").css(\"transition\" , \"all  0.3s linear 0s\");\n\t\t\t\t\tjQuery(\".b3m_flip_card_0 .b3m_flipcard_3d .b3m_flip_blurb_flipper .et_pb_blurb_content_back\").css(\"transition\" , \"all  0.3s linear 0s\");\n\t\t\t\t\tjQuery(this).addClass(\"hover\").removeClass(\"b3m_hover\");})\n\t\t\t\t.on( \"mouseleave\", function() {jQuery(this).removeClass(\"hover\").addClass(\"b3m_hover\");});\n\t\t\t\t})}}, 10);})();<\/script> \n\t\t\t\t<\/div>\n\t\t\t<\/div><\/p>\n","protected":false},"author":1,"featured_media":0,"parent":0,"menu_order":0,"comment_status":"closed","ping_status":"closed","template":"","meta":{"_et_pb_use_builder":"on","_et_pb_old_content":"","_et_gb_content_width":"","footnotes":""},"dipi_cpt_category":[],"class_list":["post-23506","page","type-page","status-publish","hentry"],"yoast_head":"<!-- This site is optimized with the Yoast SEO plugin v27.3 - https:\/\/yoast.com\/product\/yoast-seo-wordpress\/ -->\n<title>Igor Carl Faberg\u00e9 Foundation<\/title>\n<meta name=\"description\" content=\"Official website of the Igor Carl Faberg\u00e9 Foundation, aiming to inform visitors about Faberg\u00e9, his life, his history, and his descendants. Expert appraisals, event creation, and book sales.\" \/>\n<meta name=\"robots\" content=\"index, follow, max-snippet:-1, max-image-preview:large, max-video-preview:-1\" \/>\n<link rel=\"canonical\" href=\"https:\/\/www.igorcarlfaberge.com\/en\/home\/\" \/>\n<meta property=\"og:locale\" content=\"en_US\" \/>\n<meta property=\"og:type\" content=\"article\" \/>\n<meta property=\"og:title\" content=\"Igor Carl Faberg\u00e9 Foundation\" \/>\n<meta property=\"og:description\" content=\"Official website of the Igor Carl Faberg\u00e9 Foundation, aiming to inform visitors about Faberg\u00e9, his life, his history, and his descendants. Expert appraisals, event creation, and book sales.\" \/>\n<meta property=\"og:url\" content=\"https:\/\/www.igorcarlfaberge.com\/en\/home\/\" \/>\n<meta property=\"og:site_name\" content=\"Igor Carl Faberg\u00e9\" \/>\n<meta property=\"article:modified_time\" content=\"2026-03-13T09:57:33+00:00\" \/>\n<meta name=\"twitter:card\" content=\"summary_large_image\" \/>\n<meta name=\"twitter:label1\" content=\"Est. reading time\" \/>\n\t<meta name=\"twitter:data1\" content=\"9 minutes\" \/>\n<script type=\"application\/ld+json\" class=\"yoast-schema-graph\">{\"@context\":\"https:\\\/\\\/schema.org\",\"@graph\":[{\"@type\":\"WebPage\",\"@id\":\"https:\\\/\\\/www.igorcarlfaberge.com\\\/en\\\/home\\\/\",\"url\":\"https:\\\/\\\/www.igorcarlfaberge.com\\\/en\\\/home\\\/\",\"name\":\"Igor Carl Faberg\u00e9 Foundation\",\"isPartOf\":{\"@id\":\"https:\\\/\\\/www.igorcarlfaberge.com\\\/#website\"},\"datePublished\":\"2026-03-13T09:57:29+00:00\",\"dateModified\":\"2026-03-13T09:57:33+00:00\",\"description\":\"Official website of the Igor Carl Faberg\u00e9 Foundation, aiming to inform visitors about Faberg\u00e9, his life, his history, and his descendants. Expert appraisals, event creation, and book sales.\",\"breadcrumb\":{\"@id\":\"https:\\\/\\\/www.igorcarlfaberge.com\\\/en\\\/home\\\/#breadcrumb\"},\"inLanguage\":\"en-US\",\"potentialAction\":[{\"@type\":\"ReadAction\",\"target\":[\"https:\\\/\\\/www.igorcarlfaberge.com\\\/en\\\/home\\\/\"]}]},{\"@type\":\"BreadcrumbList\",\"@id\":\"https:\\\/\\\/www.igorcarlfaberge.com\\\/en\\\/home\\\/#breadcrumb\",\"itemListElement\":[{\"@type\":\"ListItem\",\"position\":1,\"name\":\"Accueil\",\"item\":\"https:\\\/\\\/www.igorcarlfaberge.com\\\/en\\\/home\\\/\"},{\"@type\":\"ListItem\",\"position\":2,\"name\":\"Home\"}]},{\"@type\":\"WebSite\",\"@id\":\"https:\\\/\\\/www.igorcarlfaberge.com\\\/#website\",\"url\":\"https:\\\/\\\/www.igorcarlfaberge.com\\\/\",\"name\":\"Igor Carl Faberg\u00e9\",\"description\":\"Fondation Igor Carl Faberg\u00e9\",\"potentialAction\":[{\"@type\":\"SearchAction\",\"target\":{\"@type\":\"EntryPoint\",\"urlTemplate\":\"https:\\\/\\\/www.igorcarlfaberge.com\\\/?s={search_term_string}\"},\"query-input\":{\"@type\":\"PropertyValueSpecification\",\"valueRequired\":true,\"valueName\":\"search_term_string\"}}],\"inLanguage\":\"en-US\"}]}<\/script>\n<!-- \/ Yoast SEO plugin. -->","yoast_head_json":{"title":"Igor Carl Faberg\u00e9 Foundation","description":"Official website of the Igor Carl Faberg\u00e9 Foundation, aiming to inform visitors about Faberg\u00e9, his life, his history, and his descendants. Expert appraisals, event creation, and book sales.","robots":{"index":"index","follow":"follow","max-snippet":"max-snippet:-1","max-image-preview":"max-image-preview:large","max-video-preview":"max-video-preview:-1"},"canonical":"https:\/\/www.igorcarlfaberge.com\/en\/home\/","og_locale":"en_US","og_type":"article","og_title":"Igor Carl Faberg\u00e9 Foundation","og_description":"Official website of the Igor Carl Faberg\u00e9 Foundation, aiming to inform visitors about Faberg\u00e9, his life, his history, and his descendants. Expert appraisals, event creation, and book sales.","og_url":"https:\/\/www.igorcarlfaberge.com\/en\/home\/","og_site_name":"Igor Carl Faberg\u00e9","article_modified_time":"2026-03-13T09:57:33+00:00","twitter_card":"summary_large_image","twitter_misc":{"Est. reading time":"9 minutes"},"schema":{"@context":"https:\/\/schema.org","@graph":[{"@type":"WebPage","@id":"https:\/\/www.igorcarlfaberge.com\/en\/home\/","url":"https:\/\/www.igorcarlfaberge.com\/en\/home\/","name":"Igor Carl Faberg\u00e9 Foundation","isPartOf":{"@id":"https:\/\/www.igorcarlfaberge.com\/#website"},"datePublished":"2026-03-13T09:57:29+00:00","dateModified":"2026-03-13T09:57:33+00:00","description":"Official website of the Igor Carl Faberg\u00e9 Foundation, aiming to inform visitors about Faberg\u00e9, his life, his history, and his descendants. Expert appraisals, event creation, and book sales.","breadcrumb":{"@id":"https:\/\/www.igorcarlfaberge.com\/en\/home\/#breadcrumb"},"inLanguage":"en-US","potentialAction":[{"@type":"ReadAction","target":["https:\/\/www.igorcarlfaberge.com\/en\/home\/"]}]},{"@type":"BreadcrumbList","@id":"https:\/\/www.igorcarlfaberge.com\/en\/home\/#breadcrumb","itemListElement":[{"@type":"ListItem","position":1,"name":"Accueil","item":"https:\/\/www.igorcarlfaberge.com\/en\/home\/"},{"@type":"ListItem","position":2,"name":"Home"}]},{"@type":"WebSite","@id":"https:\/\/www.igorcarlfaberge.com\/#website","url":"https:\/\/www.igorcarlfaberge.com\/","name":"Igor Carl Faberg\u00e9","description":"Fondation Igor Carl Faberg\u00e9","potentialAction":[{"@type":"SearchAction","target":{"@type":"EntryPoint","urlTemplate":"https:\/\/www.igorcarlfaberge.com\/?s={search_term_string}"},"query-input":{"@type":"PropertyValueSpecification","valueRequired":true,"valueName":"search_term_string"}}],"inLanguage":"en-US"}]}},"_links":{"self":[{"href":"https:\/\/www.igorcarlfaberge.com\/en\/wp-json\/wp\/v2\/pages\/23506","targetHints":{"allow":["GET"]}}],"collection":[{"href":"https:\/\/www.igorcarlfaberge.com\/en\/wp-json\/wp\/v2\/pages"}],"about":[{"href":"https:\/\/www.igorcarlfaberge.com\/en\/wp-json\/wp\/v2\/types\/page"}],"author":[{"embeddable":true,"href":"https:\/\/www.igorcarlfaberge.com\/en\/wp-json\/wp\/v2\/users\/1"}],"replies":[{"embeddable":true,"href":"https:\/\/www.igorcarlfaberge.com\/en\/wp-json\/wp\/v2\/comments?post=23506"}],"version-history":[{"count":4,"href":"https:\/\/www.igorcarlfaberge.com\/en\/wp-json\/wp\/v2\/pages\/23506\/revisions"}],"predecessor-version":[{"id":23527,"href":"https:\/\/www.igorcarlfaberge.com\/en\/wp-json\/wp\/v2\/pages\/23506\/revisions\/23527"}],"wp:attachment":[{"href":"https:\/\/www.igorcarlfaberge.com\/en\/wp-json\/wp\/v2\/media?parent=23506"}],"wp:term":[{"taxonomy":"dipi_cpt_category","embeddable":true,"href":"https:\/\/www.igorcarlfaberge.com\/en\/wp-json\/wp\/v2\/dipi_cpt_category?post=23506"}],"curies":[{"name":"wp","href":"https:\/\/api.w.org\/{rel}","templated":true}]}}